{"id":1624,"date":"2019-04-22T14:49:26","date_gmt":"2019-04-22T12:49:26","guid":{"rendered":"http:\/\/www.borch-design.de\/neu\/?page_id=1624"},"modified":"2019-06-04T10:17:56","modified_gmt":"2019-06-04T08:17:56","slug":"fassadenbeschriftung","status":"publish","type":"page","link":"https:\/\/www.borch-design.de\/neu\/fassadenbeschriftung\/","title":{"rendered":"Fassadenbeschriftung"},"content":{"rendered":"<div id=\"pl-1624\"  class=\"panel-layout\" ><div id=\"pg-1624-0\"  class=\"panel-grid panel-no-style\" ><div id=\"pgc-1624-0-0\"  class=\"panel-grid-cell\" ><div id=\"panel-1624-0-0-0\" class=\"so-panel widget widget_sow-editor panel-first-child panel-last-child\" data-index=\"0\" ><div\n\t\t\t\n\t\t\tclass=\"so-widget-sow-editor so-widget-sow-editor-base\"\n\t\t\t\n\t\t>\n<div class=\"siteorigin-widget-tinymce textwidget\">\n\t<h1 style=\"text-align: center;\">Fassadenbeschriftung<\/h1>\n<\/div>\n<\/div><\/div><\/div><\/div><div id=\"pg-1624-1\"  class=\"panel-grid panel-no-style\" ><div id=\"pgc-1624-1-0\"  class=\"panel-grid-cell panel-grid-cell-empty\" ><\/div><div id=\"pgc-1624-1-1\"  class=\"panel-grid-cell\" ><div id=\"panel-1624-1-1-0\" class=\"so-panel widget widget_sow-editor panel-first-child panel-last-child\" data-index=\"1\" ><div class=\"panel-widget-style panel-widget-style-for-1624-1-1-0\" ><div\n\t\t\t\n\t\t\tclass=\"so-widget-sow-editor so-widget-sow-editor-base\"\n\t\t\t\n\t\t>\n<div class=\"siteorigin-widget-tinymce textwidget\">\n\t<p><a href=\"http:\/\/www.borch-design.de\/neu\/acrylglasplatten\/\"><img loading=\"lazy\" class=\"aligncenter wp-image-647 size-full\" src=\"http:\/\/www.borch-design.de\/neu\/wp-content\/uploads\/2019\/02\/Acrylglas_bd.jpg\" alt=\"\" width=\"288\" height=\"220\" \/><\/a><\/p>\n<h4 style=\"text-align: center;\"><a href=\"http:\/\/www.borch-design.de\/neu\/acrylglasplatten\/\"><span style=\"color: #792451;\">ACRYLGLASPLATTEN<\/span><\/a><\/h4>\n<p>&nbsp;<\/p>\n<\/div>\n<\/div><\/div><\/div><\/div><div id=\"pgc-1624-1-2\"  class=\"panel-grid-cell\" ><div id=\"panel-1624-1-2-0\" class=\"so-panel widget widget_sow-editor panel-first-child panel-last-child\" data-index=\"2\" ><div class=\"panel-widget-style panel-widget-style-for-1624-1-2-0\" ><div\n\t\t\t\n\t\t\tclass=\"so-widget-sow-editor so-widget-sow-editor-base\"\n\t\t\t\n\t\t>\n<div class=\"siteorigin-widget-tinymce textwidget\">\n\t<p><a href=\"http:\/\/www.borch-design.de\/neu\/fensterbeschriftung\/\"><img loading=\"lazy\" class=\"wp-image-744 size-full aligncenter\" src=\"http:\/\/www.borch-design.de\/neu\/wp-content\/uploads\/2019\/02\/Fensterbeschriftung_bd.jpg\" alt=\"\" width=\"288\" height=\"220\" \/><\/a><\/p>\n<h4 style=\"text-align: center;\"><a href=\"http:\/\/www.borch-design.de\/neu\/fensterbeschriftung\/\"><span style=\"color: #792451;\">FENSTER-<br \/>\nBESCHRIFTUNG<\/span><\/a><\/h4>\n<\/div>\n<\/div><\/div><\/div><\/div><div id=\"pgc-1624-1-3\"  class=\"panel-grid-cell panel-grid-cell-mobile-last\" ><div id=\"panel-1624-1-3-0\" class=\"so-panel widget widget_sow-editor panel-first-child panel-last-child\" data-index=\"3\" ><div class=\"panel-widget-style panel-widget-style-for-1624-1-3-0\" ><div\n\t\t\t\n\t\t\tclass=\"so-widget-sow-editor so-widget-sow-editor-base\"\n\t\t\t\n\t\t>\n<div class=\"siteorigin-widget-tinymce textwidget\">\n\t<p><a href=\"http:\/\/www.borch-design.de\/neu\/schilder-platten\/\"><img loading=\"lazy\" class=\"wp-image-662 size-full aligncenter\" src=\"http:\/\/www.borch-design.de\/neu\/wp-content\/uploads\/2019\/02\/Bautafel_bd-01.jpg\" alt=\"\" width=\"288\" height=\"220\" \/><\/a><\/p>\n<h4 style=\"text-align: center;\"><a href=\"http:\/\/www.borch-design.de\/neu\/schilder-platten\/\"><span style=\"color: #792451;\">SCHILDER &amp; PLATTEN<\/span><\/a><\/h4>\n<p>&nbsp;<\/p>\n<\/div>\n<\/div><\/div><\/div><\/div><div id=\"pgc-1624-1-4\"  class=\"panel-grid-cell panel-grid-cell-empty\" ><\/div><\/div><div id=\"pg-1624-2\"  class=\"panel-grid panel-no-style\" ><div id=\"pgc-1624-2-0\"  class=\"panel-grid-cell\" ><div id=\"panel-1624-2-0-0\" class=\"so-panel widget widget_sow-button panel-first-child panel-last-child\" data-index=\"4\" ><div\n\t\t\t\n\t\t\tclass=\"so-widget-sow-button so-widget-sow-button-flat-36f48e631c4d-1624\"\n\t\t\t\n\t\t><div class=\"ow-button-base ow-button-align-center\"\n>\n\t\t\t<a\n\t\t\t\t\thref=\"http:\/\/www.borch-design.de\/neu\/produkte-und-leistungen\/\"\n\t\t\t\t\tclass=\"sowb-button ow-icon-placement-top ow-button-hover\" \t>\n\t\t<span>\n\t\t\t\n\t\t\tALLE PRODUKTE\t\t<\/span>\n\t\t\t<\/a>\n\t<\/div>\n<\/div><\/div><\/div><\/div><div id=\"pg-1624-3\"  class=\"panel-grid panel-has-style\" ><div style=\"background-color: #ededed; \" class=\"panel-row-style panel-row-style-for-1624-3\" ><div id=\"pgc-1624-3-0\"  class=\"panel-grid-cell\" ><div id=\"panel-1624-3-0-0\" class=\"so-panel widget widget_sow-editor panel-first-child panel-last-child\" data-index=\"5\" ><div class=\"panel-widget-style panel-widget-style-for-1624-3-0-0\" ><div\n\t\t\t\n\t\t\tclass=\"so-widget-sow-editor so-widget-sow-editor-base\"\n\t\t\t\n\t\t>\n<div class=\"siteorigin-widget-tinymce textwidget\">\n\t<h1><span style=\"color: #993366;\"><strong><img loading=\"lazy\" class=\"alignleft wp-image-461\" src=\"http:\/\/www.borch-design.de\/neu\/wp-content\/uploads\/2018\/11\/symbol_weiterverarbeitung.png\" alt=\"\" width=\"85\" height=\"85\" srcset=\"https:\/\/www.borch-design.de\/neu\/wp-content\/uploads\/2018\/11\/symbol_weiterverarbeitung.png 353w, https:\/\/www.borch-design.de\/neu\/wp-content\/uploads\/2018\/11\/symbol_weiterverarbeitung-150x150.png 150w, https:\/\/www.borch-design.de\/neu\/wp-content\/uploads\/2018\/11\/symbol_weiterverarbeitung-300x300.png 300w\" sizes=\"(max-width: 85px) 100vw, 85px\" \/><\/strong><\/span><\/h1>\n<\/div>\n<\/div><\/div><\/div><\/div><div id=\"pgc-1624-3-1\"  class=\"panel-grid-cell\" ><div id=\"panel-1624-3-1-0\" class=\"so-panel widget widget_sow-editor panel-first-child\" data-index=\"6\" ><div\n\t\t\t\n\t\t\tclass=\"so-widget-sow-editor so-widget-sow-editor-base\"\n\t\t\t\n\t\t>\n<div class=\"siteorigin-widget-tinymce textwidget\">\n\t<h1><span style=\"color: #792451;\">INDIVIDUELLE ANFRAGE<br \/>\n<\/span><\/h1>\n<p>Wir drucken individuell , in Sonder-formaten, auf Sonderpapieren,<br \/>\nin Sonderfarben, mit Veredelungen und egal in welcher Auflagenh\u00f6he. Stellen Sie einfach Ihre individuelle Anfrage!<\/p>\n<\/div>\n<\/div><\/div><div id=\"panel-1624-3-1-1\" class=\"so-panel widget widget_sow-button panel-last-child\" data-index=\"7\" ><div\n\t\t\t\n\t\t\tclass=\"so-widget-sow-button so-widget-sow-button-flat-3a97c1b870bb-1624\"\n\t\t\t\n\t\t><div class=\"ow-button-base ow-button-align-left\"\n>\n\t\t\t<a\n\t\t\t\t\thref=\"http:\/\/www.borch-design.de\/neu\/individuelle-anfrage\/\"\n\t\t\t\t\tclass=\"sowb-button ow-icon-placement-bottom ow-button-hover\" \t>\n\t\t<span>\n\t\t\t\n\t\t\tINDIVIDUELLE ANFRAGE\t\t<\/span>\n\t\t\t<\/a>\n\t<\/div>\n<\/div><\/div><\/div><div id=\"pgc-1624-3-2\"  class=\"panel-grid-cell\" ><div id=\"panel-1624-3-2-0\" class=\"so-panel widget widget_sow-editor panel-first-child panel-last-child\" data-index=\"8\" ><div class=\"panel-widget-style panel-widget-style-for-1624-3-2-0\" ><div\n\t\t\t\n\t\t\tclass=\"so-widget-sow-editor so-widget-sow-editor-base\"\n\t\t\t\n\t\t>\n<div class=\"siteorigin-widget-tinymce textwidget\">\n\t<h1><span style=\"color: #993366;\"><strong><img loading=\"lazy\" class=\"alignnone wp-image-182\" src=\"http:\/\/www.borch-design.de\/neu\/wp-content\/uploads\/2018\/10\/Symbol-Druck.png\" alt=\"\" width=\"85\" height=\"85\" srcset=\"https:\/\/www.borch-design.de\/neu\/wp-content\/uploads\/2018\/10\/Symbol-Druck.png 351w, https:\/\/www.borch-design.de\/neu\/wp-content\/uploads\/2018\/10\/Symbol-Druck-150x150.png 150w, https:\/\/www.borch-design.de\/neu\/wp-content\/uploads\/2018\/10\/Symbol-Druck-300x300.png 300w\" sizes=\"(max-width: 85px) 100vw, 85px\" \/><\/strong><\/span><\/h1>\n<\/div>\n<\/div><\/div><\/div><\/div><div id=\"pgc-1624-3-3\"  class=\"panel-grid-cell\" ><div id=\"panel-1624-3-3-0\" class=\"so-panel widget widget_sow-editor panel-first-child\" data-index=\"9\" ><div\n\t\t\t\n\t\t\tclass=\"so-widget-sow-editor so-widget-sow-editor-base\"\n\t\t\t\n\t\t>\n<div class=\"siteorigin-widget-tinymce textwidget\">\n\t<h1><span style=\"color: #792451;\">DRUCK<\/span><\/h1>\n<p>Erfahrung und Technik revolutionieren unser Handwerk. Und Dank unserer Technologie k\u00f6nnen Ihre Ideen auch etwas gr\u00f6\u00dfer ausfallen.<\/p>\n<\/div>\n<\/div><\/div><div id=\"panel-1624-3-3-1\" class=\"so-panel widget widget_sow-button panel-last-child\" data-index=\"10\" ><div\n\t\t\t\n\t\t\tclass=\"so-widget-sow-button so-widget-sow-button-flat-3a97c1b870bb-1624\"\n\t\t\t\n\t\t><div class=\"ow-button-base ow-button-align-left\"\n>\n\t\t\t<a\n\t\t\t\t\thref=\"http:\/\/www.borch-design.de\/neu\/digitaldruck\/\"\n\t\t\t\t\tclass=\"sowb-button ow-icon-placement-bottom ow-button-hover\" \t>\n\t\t<span>\n\t\t\t\n\t\t\tDIGITALDRUCK\t\t<\/span>\n\t\t\t<\/a>\n\t<\/div>\n<\/div><\/div><\/div><div id=\"pgc-1624-3-4\"  class=\"panel-grid-cell\" ><div id=\"panel-1624-3-4-0\" class=\"so-panel widget widget_sow-editor panel-first-child panel-last-child\" data-index=\"11\" ><div class=\"panel-widget-style panel-widget-style-for-1624-3-4-0\" ><div\n\t\t\t\n\t\t\tclass=\"so-widget-sow-editor so-widget-sow-editor-base\"\n\t\t\t\n\t\t>\n<div class=\"siteorigin-widget-tinymce textwidget\">\n\t<h1><span style=\"color: #993366;\"><strong><img loading=\"lazy\" class=\"alignleft wp-image-184\" src=\"http:\/\/www.borch-design.de\/neu\/wp-content\/uploads\/2018\/10\/Symbol-Werbung.png\" alt=\"\" width=\"85\" height=\"85\" srcset=\"https:\/\/www.borch-design.de\/neu\/wp-content\/uploads\/2018\/10\/Symbol-Werbung.png 351w, https:\/\/www.borch-design.de\/neu\/wp-content\/uploads\/2018\/10\/Symbol-Werbung-150x150.png 150w, https:\/\/www.borch-design.de\/neu\/wp-content\/uploads\/2018\/10\/Symbol-Werbung-300x300.png 300w\" sizes=\"(max-width: 85px) 100vw, 85px\" \/><\/strong><\/span><\/h1>\n<\/div>\n<\/div><\/div><\/div><\/div><div id=\"pgc-1624-3-5\"  class=\"panel-grid-cell\" ><div id=\"panel-1624-3-5-0\" class=\"so-panel widget widget_sow-editor panel-first-child\" data-index=\"12\" ><div\n\t\t\t\n\t\t\tclass=\"so-widget-sow-editor so-widget-sow-editor-base\"\n\t\t\t\n\t\t>\n<div class=\"siteorigin-widget-tinymce textwidget\">\n\t<h1><span style=\"color: #792451;\">WERBUNG<\/span><\/h1>\n<p>Gemeinsam mit unseren Kunden entwickeln wir ein Konzept und erarbeiten die passende Gestaltung f\u00fcr jedes noch so verschiedene Projekt.<\/p>\n<\/div>\n<\/div><\/div><div id=\"panel-1624-3-5-1\" class=\"so-panel widget widget_sow-button panel-last-child\" data-index=\"13\" ><div\n\t\t\t\n\t\t\tclass=\"so-widget-sow-button so-widget-sow-button-flat-3a97c1b870bb-1624\"\n\t\t\t\n\t\t><div class=\"ow-button-base ow-button-align-left\"\n>\n\t\t\t<a\n\t\t\t\t\thref=\"http:\/\/www.borch-design.de\/neu\/werbeagentur\/\"\n\t\t\t\t\tclass=\"sowb-button ow-icon-placement-bottom ow-button-hover\" \t>\n\t\t<span>\n\t\t\t\n\t\t\tWERBEAGENTUR\t\t<\/span>\n\t\t\t<\/a>\n\t<\/div>\n<\/div><\/div><\/div><\/div><\/div><\/div>","protected":false},"excerpt":{"rendered":"<p>Fassadenbeschriftung ACRYLGLASPLATTEN &nbsp; FENSTER- BESCHRIFTUNG SCHILDER &amp; PLATTEN &nbsp;<\/p>\n","protected":false},"author":1,"featured_media":0,"parent":0,"menu_order":0,"comment_status":"closed","ping_status":"closed","template":"","meta":[],"yoast_head":"<!-- This site is optimized with the Yoast SEO plugin v20.6 - https:\/\/yoast.com\/wordpress\/plugins\/seo\/ -->\n<title>Fassadenbeschriftung | Digitaldruckerei Borch design<\/title>\n<meta name=\"description\" content=\"Digital-Druckerei f\u00fcr gro\u00df- und kleinformatige Drucke, Pr\u00fcfplaketten, Baupl\u00e4ne, Schilder, Plakate, Einladungskarten u.v.m. gro\u00dfe und kleine Auflagen ab einem St\u00fcck\" \/>\n<meta name=\"robots\" content=\"index, follow, max-snippet:-1, max-image-preview:large, max-video-preview:-1\" \/>\n<link rel=\"canonical\" href=\"https:\/\/www.borch-design.de\/neu\/fassadenbeschriftung\/\" \/>\n<meta property=\"og:locale\" content=\"de_DE\" \/>\n<meta property=\"og:type\" content=\"article\" \/>\n<meta property=\"og:title\" content=\"Fassadenbeschriftung | Digitaldruckerei Borch design\" \/>\n<meta property=\"og:description\" content=\"Digital-Druckerei f\u00fcr gro\u00df- und kleinformatige Drucke, Pr\u00fcfplaketten, Baupl\u00e4ne, Schilder, Plakate, Einladungskarten u.v.m. gro\u00dfe und kleine Auflagen ab einem St\u00fcck\" \/>\n<meta property=\"og:url\" content=\"https:\/\/www.borch-design.de\/neu\/fassadenbeschriftung\/\" \/>\n<meta property=\"og:site_name\" content=\"Digitaldruckerei Borch design\" \/>\n<meta property=\"article:publisher\" content=\"https:\/\/www.facebook.com\/borch-design-310981892249607\/\" \/>\n<meta property=\"article:modified_time\" content=\"2019-06-04T08:17:56+00:00\" \/>\n<meta property=\"og:image\" content=\"http:\/\/www.borch-design.de\/neu\/wp-content\/uploads\/2019\/02\/Acrylglas_bd.jpg\" \/>\n<meta name=\"twitter:card\" content=\"summary_large_image\" \/>\n<meta name=\"twitter:label1\" content=\"Gesch\u00e4tzte Lesezeit\" \/>\n\t<meta name=\"twitter:data1\" content=\"1\u00a0Minute\" \/>\n<script type=\"application\/ld+json\" class=\"yoast-schema-graph\">{\"@context\":\"https:\/\/schema.org\",\"@graph\":[{\"@type\":\"WebPage\",\"@id\":\"https:\/\/www.borch-design.de\/neu\/fassadenbeschriftung\/\",\"url\":\"https:\/\/www.borch-design.de\/neu\/fassadenbeschriftung\/\",\"name\":\"Fassadenbeschriftung | Digitaldruckerei Borch design\",\"isPartOf\":{\"@id\":\"https:\/\/www.borch-design.de\/neu\/#website\"},\"datePublished\":\"2019-04-22T12:49:26+00:00\",\"dateModified\":\"2019-06-04T08:17:56+00:00\",\"description\":\"Digital-Druckerei f\u00fcr gro\u00df- und kleinformatige Drucke, Pr\u00fcfplaketten, Baupl\u00e4ne, Schilder, Plakate, Einladungskarten u.v.m. gro\u00dfe und kleine Auflagen ab einem St\u00fcck\",\"breadcrumb\":{\"@id\":\"https:\/\/www.borch-design.de\/neu\/fassadenbeschriftung\/#breadcrumb\"},\"inLanguage\":\"de\",\"potentialAction\":[{\"@type\":\"ReadAction\",\"target\":[\"https:\/\/www.borch-design.de\/neu\/fassadenbeschriftung\/\"]}]},{\"@type\":\"BreadcrumbList\",\"@id\":\"https:\/\/www.borch-design.de\/neu\/fassadenbeschriftung\/#breadcrumb\",\"itemListElement\":[{\"@type\":\"ListItem\",\"position\":1,\"name\":\"Startseite\",\"item\":\"https:\/\/www.borch-design.de\/neu\/\"},{\"@type\":\"ListItem\",\"position\":2,\"name\":\"Fassadenbeschriftung\"}]},{\"@type\":\"WebSite\",\"@id\":\"https:\/\/www.borch-design.de\/neu\/#website\",\"url\":\"https:\/\/www.borch-design.de\/neu\/\",\"name\":\"Digitaldruckerei Borch design\",\"description\":\"Druckerei f\u00fcr Klein- und Gro\u00dfformate, Werbeagentur\",\"publisher\":{\"@id\":\"https:\/\/www.borch-design.de\/neu\/#organization\"},\"potentialAction\":[{\"@type\":\"SearchAction\",\"target\":{\"@type\":\"EntryPoint\",\"urlTemplate\":\"https:\/\/www.borch-design.de\/neu\/?s={search_term_string}\"},\"query-input\":\"required name=search_term_string\"}],\"inLanguage\":\"de\"},{\"@type\":\"Organization\",\"@id\":\"https:\/\/www.borch-design.de\/neu\/#organization\",\"name\":\"Borch design\",\"url\":\"https:\/\/www.borch-design.de\/neu\/\",\"logo\":{\"@type\":\"ImageObject\",\"inLanguage\":\"de\",\"@id\":\"https:\/\/www.borch-design.de\/neu\/#\/schema\/logo\/image\/\",\"url\":\"http:\/\/www.borch-design.de\/neu\/wp-content\/uploads\/2018\/10\/Page-1-Copy-2.png\",\"contentUrl\":\"http:\/\/www.borch-design.de\/neu\/wp-content\/uploads\/2018\/10\/Page-1-Copy-2.png\",\"width\":289,\"height\":80,\"caption\":\"Borch design\"},\"image\":{\"@id\":\"https:\/\/www.borch-design.de\/neu\/#\/schema\/logo\/image\/\"},\"sameAs\":[\"https:\/\/www.facebook.com\/borch-design-310981892249607\/\"]}]}<\/script>\n<!-- \/ Yoast SEO plugin. -->","yoast_head_json":{"title":"Fassadenbeschriftung | Digitaldruckerei Borch design","description":"Digital-Druckerei f\u00fcr gro\u00df- und kleinformatige Drucke, Pr\u00fcfplaketten, Baupl\u00e4ne, Schilder, Plakate, Einladungskarten u.v.m. gro\u00dfe und kleine Auflagen ab einem St\u00fcck","robots":{"index":"index","follow":"follow","max-snippet":"max-snippet:-1","max-image-preview":"max-image-preview:large","max-video-preview":"max-video-preview:-1"},"canonical":"https:\/\/www.borch-design.de\/neu\/fassadenbeschriftung\/","og_locale":"de_DE","og_type":"article","og_title":"Fassadenbeschriftung | Digitaldruckerei Borch design","og_description":"Digital-Druckerei f\u00fcr gro\u00df- und kleinformatige Drucke, Pr\u00fcfplaketten, Baupl\u00e4ne, Schilder, Plakate, Einladungskarten u.v.m. gro\u00dfe und kleine Auflagen ab einem St\u00fcck","og_url":"https:\/\/www.borch-design.de\/neu\/fassadenbeschriftung\/","og_site_name":"Digitaldruckerei Borch design","article_publisher":"https:\/\/www.facebook.com\/borch-design-310981892249607\/","article_modified_time":"2019-06-04T08:17:56+00:00","og_image":[{"url":"http:\/\/www.borch-design.de\/neu\/wp-content\/uploads\/2019\/02\/Acrylglas_bd.jpg"}],"twitter_card":"summary_large_image","twitter_misc":{"Gesch\u00e4tzte Lesezeit":"1\u00a0Minute"},"schema":{"@context":"https:\/\/schema.org","@graph":[{"@type":"WebPage","@id":"https:\/\/www.borch-design.de\/neu\/fassadenbeschriftung\/","url":"https:\/\/www.borch-design.de\/neu\/fassadenbeschriftung\/","name":"Fassadenbeschriftung | Digitaldruckerei Borch design","isPartOf":{"@id":"https:\/\/www.borch-design.de\/neu\/#website"},"datePublished":"2019-04-22T12:49:26+00:00","dateModified":"2019-06-04T08:17:56+00:00","description":"Digital-Druckerei f\u00fcr gro\u00df- und kleinformatige Drucke, Pr\u00fcfplaketten, Baupl\u00e4ne, Schilder, Plakate, Einladungskarten u.v.m. gro\u00dfe und kleine Auflagen ab einem St\u00fcck","breadcrumb":{"@id":"https:\/\/www.borch-design.de\/neu\/fassadenbeschriftung\/#breadcrumb"},"inLanguage":"de","potentialAction":[{"@type":"ReadAction","target":["https:\/\/www.borch-design.de\/neu\/fassadenbeschriftung\/"]}]},{"@type":"BreadcrumbList","@id":"https:\/\/www.borch-design.de\/neu\/fassadenbeschriftung\/#breadcrumb","itemListElement":[{"@type":"ListItem","position":1,"name":"Startseite","item":"https:\/\/www.borch-design.de\/neu\/"},{"@type":"ListItem","position":2,"name":"Fassadenbeschriftung"}]},{"@type":"WebSite","@id":"https:\/\/www.borch-design.de\/neu\/#website","url":"https:\/\/www.borch-design.de\/neu\/","name":"Digitaldruckerei Borch design","description":"Druckerei f\u00fcr Klein- und Gro\u00dfformate, Werbeagentur","publisher":{"@id":"https:\/\/www.borch-design.de\/neu\/#organization"},"potentialAction":[{"@type":"SearchAction","target":{"@type":"EntryPoint","urlTemplate":"https:\/\/www.borch-design.de\/neu\/?s={search_term_string}"},"query-input":"required name=search_term_string"}],"inLanguage":"de"},{"@type":"Organization","@id":"https:\/\/www.borch-design.de\/neu\/#organization","name":"Borch design","url":"https:\/\/www.borch-design.de\/neu\/","logo":{"@type":"ImageObject","inLanguage":"de","@id":"https:\/\/www.borch-design.de\/neu\/#\/schema\/logo\/image\/","url":"http:\/\/www.borch-design.de\/neu\/wp-content\/uploads\/2018\/10\/Page-1-Copy-2.png","contentUrl":"http:\/\/www.borch-design.de\/neu\/wp-content\/uploads\/2018\/10\/Page-1-Copy-2.png","width":289,"height":80,"caption":"Borch design"},"image":{"@id":"https:\/\/www.borch-design.de\/neu\/#\/schema\/logo\/image\/"},"sameAs":["https:\/\/www.facebook.com\/borch-design-310981892249607\/"]}]}},"_links":{"self":[{"href":"https:\/\/www.borch-design.de\/neu\/wp-json\/wp\/v2\/pages\/1624"}],"collection":[{"href":"https:\/\/www.borch-design.de\/neu\/wp-json\/wp\/v2\/pages"}],"about":[{"href":"https:\/\/www.borch-design.de\/neu\/wp-json\/wp\/v2\/types\/page"}],"author":[{"embeddable":true,"href":"https:\/\/www.borch-design.de\/neu\/wp-json\/wp\/v2\/users\/1"}],"replies":[{"embeddable":true,"href":"https:\/\/www.borch-design.de\/neu\/wp-json\/wp\/v2\/comments?post=1624"}],"version-history":[{"count":11,"href":"https:\/\/www.borch-design.de\/neu\/wp-json\/wp\/v2\/pages\/1624\/revisions"}],"predecessor-version":[{"id":3413,"href":"https:\/\/www.borch-design.de\/neu\/wp-json\/wp\/v2\/pages\/1624\/revisions\/3413"}],"wp:attachment":[{"href":"https:\/\/www.borch-design.de\/neu\/wp-json\/wp\/v2\/media?parent=1624"}],"curies":[{"name":"wp","href":"https:\/\/api.w.org\/{rel}","templated":true}]}}