{"id":1707,"date":"2019-04-22T19:19:37","date_gmt":"2019-04-22T17:19:37","guid":{"rendered":"http:\/\/www.borch-design.de\/neu\/?page_id=1707"},"modified":"2019-06-27T12:44:08","modified_gmt":"2019-06-27T10:44:08","slug":"meshbanner","status":"publish","type":"page","link":"https:\/\/www.borch-design.de\/neu\/meshbanner\/","title":{"rendered":"Mesh-Banner"},"content":{"rendered":"<div id=\"pl-1707\"  class=\"panel-layout\" ><div id=\"pg-1707-0\"  class=\"panel-grid panel-no-style\" ><div id=\"pgc-1707-0-0\"  class=\"panel-grid-cell\" ><div id=\"panel-1707-0-0-0\" class=\"so-panel widget widget_sow-button panel-first-child panel-last-child\" data-index=\"0\" ><div\n\t\t\t\n\t\t\tclass=\"so-widget-sow-button so-widget-sow-button-flat-6d4312fe8874-1707\"\n\t\t\t\n\t\t><div class=\"ow-button-base ow-button-align-center\"\n>\n\t\t\t<a\n\t\t\t\tclass=\"sowb-button ow-icon-placement-top ow-button-hover\" onclick=\"\"\t>\n\t\t<span>\n\t\t\t\n\t\t\tZUR\u00dcCK ZUR \u00dcBERSICHT\t\t<\/span>\n\t\t\t<\/a>\n\t<\/div>\n<\/div><\/div><\/div><\/div><div id=\"pg-1707-1\"  class=\"panel-grid panel-has-style\" ><div class=\"wide-grey panel-row-style panel-row-style-for-1707-1\" style=\"background-color: #ffffff; \" ><div id=\"pgc-1707-1-0\"  class=\"panel-grid-cell\" ><div id=\"panel-1707-1-0-0\" class=\"so-panel widget widget_sow-editor panel-first-child\" data-index=\"1\" ><div\n\t\t\t\n\t\t\tclass=\"so-widget-sow-editor so-widget-sow-editor-base\"\n\t\t\t\n\t\t><h3 class=\"widget-title\">Mesh-Banner<\/h3>\n<div class=\"siteorigin-widget-tinymce textwidget\">\n\t<p>Banner aus Mesh finden sowohl im privaten als auch im gewerblichen Bereich Anwendung. Bei einem Mesh Banner handelt es sich um eine Art Gitternetzplane. Diese ist durch ihre Lochstruktur winddurchl\u00e4ssig. Deshalb bietet sich der Einsatz dieser Banner vor allem dort an, wo ein hoher Winddruck auftritt. H\u00e4ufig sieht man Mesh-Planen beispielsweise an Z\u00e4unen, Fassaden, Au\u00dfenw\u00e4nden, Ger\u00fcsten und Sportpl\u00e4tzen, aber auch an Innenw\u00e4nden oder auf Messen.<\/p>\n<\/div>\n<\/div><\/div><div id=\"panel-1707-1-0-1\" class=\"so-panel widget widget_sow-button panel-last-child\" data-index=\"2\" ><div\n\t\t\t\n\t\t\tclass=\"so-widget-sow-button so-widget-sow-button-flat-9b09fb992195-1707\"\n\t\t\t\n\t\t><div class=\"ow-button-base ow-button-align-left\"\n>\n\t\t\t<a\n\t\t\t\t\thref=\"http:\/\/www.borch-design.de\/neu\/individuelle-anfrage\/\"\n\t\t\t\t\tclass=\"sowb-button ow-icon-placement-top ow-button-hover\" \t>\n\t\t<span>\n\t\t\t\n\t\t\tINDIVIDUELLE ANFRAGE\t\t<\/span>\n\t\t\t<\/a>\n\t<\/div>\n<\/div><\/div><\/div><div id=\"pgc-1707-1-1\"  class=\"panel-grid-cell\" ><div id=\"panel-1707-1-1-0\" class=\"so-panel widget widget_media_image panel-first-child panel-last-child\" data-index=\"3\" ><img width=\"300\" height=\"300\" src=\"https:\/\/www.borch-design.de\/neu\/wp-content\/uploads\/2019\/06\/mesh1-300x300.png\" class=\"image wp-image-4073  attachment-medium size-medium\" alt=\"\" loading=\"lazy\" style=\"max-width: 100%; height: auto;\" srcset=\"https:\/\/www.borch-design.de\/neu\/wp-content\/uploads\/2019\/06\/mesh1-300x300.png 300w, https:\/\/www.borch-design.de\/neu\/wp-content\/uploads\/2019\/06\/mesh1-150x150.png 150w, https:\/\/www.borch-design.de\/neu\/wp-content\/uploads\/2019\/06\/mesh1-30x30.png 30w, https:\/\/www.borch-design.de\/neu\/wp-content\/uploads\/2019\/06\/mesh1.png 600w\" sizes=\"(max-width: 300px) 100vw, 300px\" \/><\/div><\/div><div id=\"pgc-1707-1-2\"  class=\"panel-grid-cell\" ><div id=\"panel-1707-1-2-0\" class=\"so-panel widget widget_media_image panel-first-child panel-last-child\" data-index=\"4\" ><img width=\"300\" height=\"300\" src=\"https:\/\/www.borch-design.de\/neu\/wp-content\/uploads\/2019\/06\/mesh2-300x300.png\" class=\"image wp-image-4074  attachment-medium size-medium\" alt=\"\" loading=\"lazy\" style=\"max-width: 100%; height: auto;\" srcset=\"https:\/\/www.borch-design.de\/neu\/wp-content\/uploads\/2019\/06\/mesh2-300x300.png 300w, https:\/\/www.borch-design.de\/neu\/wp-content\/uploads\/2019\/06\/mesh2-150x150.png 150w, https:\/\/www.borch-design.de\/neu\/wp-content\/uploads\/2019\/06\/mesh2-30x30.png 30w, https:\/\/www.borch-design.de\/neu\/wp-content\/uploads\/2019\/06\/mesh2.png 397w\" sizes=\"(max-width: 300px) 100vw, 300px\" \/><\/div><\/div><\/div><\/div><div id=\"pg-1707-2\"  class=\"panel-grid panel-has-style\" ><div style=\"background-color: #ededed; \" class=\"panel-row-style panel-row-style-for-1707-2\" ><div id=\"pgc-1707-2-0\"  class=\"panel-grid-cell\" ><div id=\"panel-1707-2-0-0\" class=\"so-panel widget widget_sow-editor panel-first-child\" data-index=\"5\" ><div\n\t\t\t\n\t\t\tclass=\"so-widget-sow-editor so-widget-sow-editor-base\"\n\t\t\t\n\t\t><h3 class=\"widget-title\">Wir beraten Sie gern!<\/h3>\n<div class=\"siteorigin-widget-tinymce textwidget\">\n\t<p>Unser Augenmerk richtet sich immer auf die Bed\u00fcrfnisse unserer Kunden. Ihre Ideen und Vorstellungen in die Tat umzusetzen und Ihnen als fertiges Produkt zu \u00fcbergeben ist unser vorrangiges Ziel. Wir suchen gemeinsam nach L\u00f6sungen und finden das richtige individuelle Konzept, um genau Ihre Botschaft effektiv und visuell \u00fcberzeugend einzusetzen. Wir greifen aktuelle Trends auf, w\u00e4hlen optimale Materialen aus und fertigen hochwertige Produkte, die Ihren Anspr\u00fcchen gerecht werden. Nur wenn Sie mit dem Ergebnis unserer Arbeit zufrieden sind, sind wir es auch!<br \/>\n<strong>Kommen Sie vorbei und machen Sie sich ein Bild von uns! Wir freuen uns auf Sie.<\/strong><\/p>\n<\/div>\n<\/div><\/div><div id=\"panel-1707-2-0-1\" class=\"so-panel widget widget_sow-button panel-last-child\" data-index=\"6\" ><div\n\t\t\t\n\t\t\tclass=\"so-widget-sow-button so-widget-sow-button-flat-9b09fb992195-1707\"\n\t\t\t\n\t\t><div class=\"ow-button-base ow-button-align-left\"\n>\n\t\t\t<a\n\t\t\t\t\thref=\"http:\/\/www.borch-design.de\/neu\/ueber-uns\/\"\n\t\t\t\t\tclass=\"sowb-button ow-icon-placement-top ow-button-hover\" \t>\n\t\t<span>\n\t\t\t\n\t\t\t\u00dcBER UNS\t\t<\/span>\n\t\t\t<\/a>\n\t<\/div>\n<\/div><\/div><\/div><div id=\"pgc-1707-2-1\"  class=\"panel-grid-cell\" ><\/div><\/div><\/div><div id=\"pg-1707-3\"  class=\"panel-grid panel-no-style\" ><div id=\"pgc-1707-3-0\"  class=\"panel-grid-cell\" ><div id=\"panel-1707-3-0-0\" class=\"so-panel widget widget_sow-editor panel-first-child panel-last-child\" data-index=\"8\" ><div\n\t\t\t\n\t\t\tclass=\"so-widget-sow-editor so-widget-sow-editor-base\"\n\t\t\t\n\t\t>\n<div class=\"siteorigin-widget-tinymce textwidget\">\n\t<h1 style=\"text-align: center;\">Unsere Empfehlung f\u00fcr Sie!<\/h1>\n<p>&nbsp;<\/p>\n<div id=\"metaslider-id-2462\" style=\"width: 100%;\" class=\"ml-slider-3-108-0 metaslider metaslider-flex metaslider-2462 ml-slider has-carousel-mode ms-theme-bubble nav-hidden\" role=\"region\" aria-label=\"Werbemittel\" data-height=\"301\" data-width=\"248\">\n    <div id=\"metaslider_container_2462\">\n        <div id=\"metaslider_2462\">\n            <ul class='slides'>\n                <li style=\"display: none; width: 100%;\" class=\"slide-2477 ms-image \" aria-roledescription=\"slide\" data-date=\"2019-05-20 15:33:13\" data-filename=\"werbetafel.jpg\" data-slide-type=\"image\"><a href=\"http:\/\/www.borch-design.de\/neu\/werbetafel\/\" target=\"_self\" aria-label=\"View Slide Details\" class=\"metaslider_image_link\"><img width=\"248\" height=\"301\" src=\"https:\/\/www.borch-design.de\/neu\/wp-content\/uploads\/2019\/05\/werbetafel.jpg\" class=\"slider-2462 slide-2477 msDefaultImage\" alt=\"\" loading=\"lazy\" rel=\"\" title=\"werbetafel\" srcset=\"https:\/\/www.borch-design.de\/neu\/wp-content\/uploads\/2019\/05\/werbetafel.jpg 248w, https:\/\/www.borch-design.de\/neu\/wp-content\/uploads\/2019\/05\/werbetafel-247x300.jpg 247w\" sizes=\"(max-width: 248px) 100vw, 248px\" \/><\/a><\/li>\n                <li style=\"display: none; width: 100%;\" class=\"slide-2472 ms-image \" aria-roledescription=\"slide\" data-date=\"2019-05-20 15:33:13\" data-filename=\"fahnen.jpg\" data-slide-type=\"image\"><a href=\"http:\/\/www.borch-design.de\/neu\/fahnen\/\" target=\"_self\" aria-label=\"View Slide Details\" class=\"metaslider_image_link\"><img width=\"248\" height=\"301\" src=\"https:\/\/www.borch-design.de\/neu\/wp-content\/uploads\/2019\/05\/fahnen.jpg\" class=\"slider-2462 slide-2472 msDefaultImage\" alt=\"\" loading=\"lazy\" rel=\"\" title=\"fahnen\" srcset=\"https:\/\/www.borch-design.de\/neu\/wp-content\/uploads\/2019\/05\/fahnen.jpg 248w, https:\/\/www.borch-design.de\/neu\/wp-content\/uploads\/2019\/05\/fahnen-247x300.jpg 247w\" sizes=\"(max-width: 248px) 100vw, 248px\" \/><\/a><\/li>\n                <li style=\"display: none; width: 100%;\" class=\"slide-2471 ms-image \" aria-roledescription=\"slide\" data-date=\"2019-05-20 15:33:13\" data-filename=\"aufsteller.jpg\" data-slide-type=\"image\"><a href=\"http:\/\/www.borch-design.de\/neu\/aufsteller\/\" target=\"_self\" aria-label=\"View Slide Details\" class=\"metaslider_image_link\"><img width=\"248\" height=\"301\" src=\"https:\/\/www.borch-design.de\/neu\/wp-content\/uploads\/2019\/05\/aufsteller.jpg\" class=\"slider-2462 slide-2471 msDefaultImage\" alt=\"\" loading=\"lazy\" rel=\"\" title=\"aufsteller\" srcset=\"https:\/\/www.borch-design.de\/neu\/wp-content\/uploads\/2019\/05\/aufsteller.jpg 248w, https:\/\/www.borch-design.de\/neu\/wp-content\/uploads\/2019\/05\/aufsteller-247x300.jpg 247w\" sizes=\"(max-width: 248px) 100vw, 248px\" \/><\/a><\/li>\n                <li style=\"display: none; width: 100%;\" class=\"slide-2473 ms-image \" aria-roledescription=\"slide\" data-date=\"2019-05-20 15:33:13\" data-filename=\"messesysteme.jpg\" data-slide-type=\"image\"><a href=\"http:\/\/www.borch-design.de\/neu\/messesysteme\/\" target=\"_self\" aria-label=\"View Slide Details\" class=\"metaslider_image_link\"><img width=\"248\" height=\"301\" src=\"https:\/\/www.borch-design.de\/neu\/wp-content\/uploads\/2019\/05\/messesysteme.jpg\" class=\"slider-2462 slide-2473 msDefaultImage\" alt=\"\" loading=\"lazy\" rel=\"\" title=\"messesysteme\" srcset=\"https:\/\/www.borch-design.de\/neu\/wp-content\/uploads\/2019\/05\/messesysteme.jpg 248w, https:\/\/www.borch-design.de\/neu\/wp-content\/uploads\/2019\/05\/messesysteme-247x300.jpg 247w\" sizes=\"(max-width: 248px) 100vw, 248px\" \/><\/a><\/li>\n                <li style=\"display: none; width: 100%;\" class=\"slide-2478 ms-image \" aria-roledescription=\"slide\" data-date=\"2019-05-20 15:33:13\" data-filename=\"werbung.jpg\" data-slide-type=\"image\"><a href=\"http:\/\/www.borch-design.de\/neu\/werbeagentur\/\" target=\"_self\" aria-label=\"View Slide Details\" class=\"metaslider_image_link\"><img width=\"248\" height=\"301\" src=\"https:\/\/www.borch-design.de\/neu\/wp-content\/uploads\/2019\/05\/werbung.jpg\" class=\"slider-2462 slide-2478 msDefaultImage\" alt=\"\" loading=\"lazy\" rel=\"\" title=\"werbung\" srcset=\"https:\/\/www.borch-design.de\/neu\/wp-content\/uploads\/2019\/05\/werbung.jpg 248w, https:\/\/www.borch-design.de\/neu\/wp-content\/uploads\/2019\/05\/werbung-247x300.jpg 247w\" sizes=\"(max-width: 248px) 100vw, 248px\" \/><\/a><\/li>\n                <li style=\"display: none; width: 100%;\" class=\"slide-2475 ms-image \" aria-roledescription=\"slide\" data-date=\"2019-05-20 15:33:13\" data-filename=\"t-shirt-druck.jpg\" data-slide-type=\"image\"><a href=\"http:\/\/www.borch-design.de\/neu\/berufsbekleidung\/\" target=\"_self\" aria-label=\"View Slide Details\" class=\"metaslider_image_link\"><img width=\"248\" height=\"301\" src=\"https:\/\/www.borch-design.de\/neu\/wp-content\/uploads\/2019\/05\/t-shirt-druck.jpg\" class=\"slider-2462 slide-2475 msDefaultImage\" alt=\"\" loading=\"lazy\" rel=\"\" title=\"t shirt druck\" srcset=\"https:\/\/www.borch-design.de\/neu\/wp-content\/uploads\/2019\/05\/t-shirt-druck.jpg 248w, https:\/\/www.borch-design.de\/neu\/wp-content\/uploads\/2019\/05\/t-shirt-druck-247x300.jpg 247w\" sizes=\"(max-width: 248px) 100vw, 248px\" \/><\/a><\/li>\n                <li style=\"display: none; width: 100%;\" class=\"slide-2488 ms-image \" aria-roledescription=\"slide\" data-date=\"2019-05-20 15:40:49\" data-filename=\"banner.jpg\" data-slide-type=\"image\"><a href=\"http:\/\/www.borch-design.de\/neu\/banner\/\" target=\"_self\" aria-label=\"View Slide Details\" class=\"metaslider_image_link\"><img width=\"248\" height=\"301\" src=\"https:\/\/www.borch-design.de\/neu\/wp-content\/uploads\/2019\/05\/banner.jpg\" class=\"slider-2462 slide-2488 msDefaultImage\" alt=\"\" loading=\"lazy\" rel=\"\" title=\"banner\" srcset=\"https:\/\/www.borch-design.de\/neu\/wp-content\/uploads\/2019\/05\/banner.jpg 248w, https:\/\/www.borch-design.de\/neu\/wp-content\/uploads\/2019\/05\/banner-247x300.jpg 247w\" sizes=\"(max-width: 248px) 100vw, 248px\" \/><\/a><\/li>\n                <li style=\"display: none; width: 100%;\" class=\"slide-2474 ms-image \" aria-roledescription=\"slide\" data-date=\"2019-05-20 15:33:13\" data-filename=\"roll-up.jpg\" data-slide-type=\"image\"><a href=\"http:\/\/www.borch-design.de\/neu\/roll-up\/\" target=\"_self\" aria-label=\"View Slide Details\" class=\"metaslider_image_link\"><img width=\"248\" height=\"301\" src=\"https:\/\/www.borch-design.de\/neu\/wp-content\/uploads\/2019\/05\/roll-up.jpg\" class=\"slider-2462 slide-2474 msDefaultImage\" alt=\"\" loading=\"lazy\" rel=\"\" title=\"roll up\" srcset=\"https:\/\/www.borch-design.de\/neu\/wp-content\/uploads\/2019\/05\/roll-up.jpg 248w, https:\/\/www.borch-design.de\/neu\/wp-content\/uploads\/2019\/05\/roll-up-247x300.jpg 247w\" sizes=\"(max-width: 248px) 100vw, 248px\" \/><\/a><\/li>\n            <\/ul>\n        <\/div>\n        \n    <\/div>\n<\/div>\n<\/div>\n<\/div><\/div><\/div><\/div><div id=\"pg-1707-4\"  class=\"panel-grid panel-no-style\" ><div id=\"pgc-1707-4-0\"  class=\"panel-grid-cell\" ><div id=\"panel-1707-4-0-0\" class=\"so-panel widget widget_sow-button panel-first-child panel-last-child\" data-index=\"9\" ><div\n\t\t\t\n\t\t\tclass=\"so-widget-sow-button so-widget-sow-button-flat-6d4312fe8874-1707\"\n\t\t\t\n\t\t><div class=\"ow-button-base ow-button-align-center\"\n>\n\t\t\t<a\n\t\t\t\t\thref=\"http:\/\/www.borch-design.de\/neu\/produkte-und-leistungen\/\"\n\t\t\t\t\tclass=\"sowb-button ow-icon-placement-top ow-button-hover\" \t>\n\t\t<span>\n\t\t\t\n\t\t\tALLE PRODUKTE\t\t<\/span>\n\t\t\t<\/a>\n\t<\/div>\n<\/div><\/div><\/div><\/div><\/div>","protected":false},"excerpt":{"rendered":"<p>Banner aus Mesh finden sowohl im privaten als auch im gewerblichen Bereich Anwendung. Bei einem Mesh Banner handelt es sich um eine Art Gitternetzplane. Diese ist durch ihre Lochstruktur winddurchl\u00e4ssig. Deshalb bietet sich der Einsatz dieser Banner vor allem dort an, wo ein hoher Winddruck auftritt. H\u00e4ufig sieht man Mesh-Planen beispielsweise an Z\u00e4unen, Fassaden, Au\u00dfenw\u00e4nden, [&hellip;]<\/p>\n","protected":false},"author":1,"featured_media":0,"parent":0,"menu_order":0,"comment_status":"closed","ping_status":"closed","template":"","meta":[],"yoast_head":"<!-- This site is optimized with the Yoast SEO plugin v20.6 - https:\/\/yoast.com\/wordpress\/plugins\/seo\/ -->\n<title>Mesh-Banner | Digitaldruckerei Borch design<\/title>\n<meta name=\"description\" content=\"Digital-Druckerei f\u00fcr gro\u00df- und kleinformatige Drucke, Pr\u00fcfplaketten, Baupl\u00e4ne, Schilder, Plakate, Einladungskarten u.v.m. gro\u00dfe und kleine Auflagen ab einem St\u00fcck\" \/>\n<meta name=\"robots\" content=\"index, follow, max-snippet:-1, max-image-preview:large, max-video-preview:-1\" \/>\n<link rel=\"canonical\" href=\"https:\/\/www.borch-design.de\/neu\/meshbanner\/\" \/>\n<meta property=\"og:locale\" content=\"de_DE\" \/>\n<meta property=\"og:type\" content=\"article\" \/>\n<meta property=\"og:title\" content=\"Mesh-Banner | Digitaldruckerei Borch design\" \/>\n<meta property=\"og:description\" content=\"Digital-Druckerei f\u00fcr gro\u00df- und kleinformatige Drucke, Pr\u00fcfplaketten, Baupl\u00e4ne, Schilder, Plakate, Einladungskarten u.v.m. gro\u00dfe und kleine Auflagen ab einem St\u00fcck\" \/>\n<meta property=\"og:url\" content=\"https:\/\/www.borch-design.de\/neu\/meshbanner\/\" \/>\n<meta property=\"og:site_name\" content=\"Digitaldruckerei Borch design\" \/>\n<meta property=\"article:publisher\" content=\"https:\/\/www.facebook.com\/borch-design-310981892249607\/\" \/>\n<meta property=\"article:modified_time\" content=\"2019-06-27T10:44:08+00:00\" \/>\n<meta name=\"twitter:card\" content=\"summary_large_image\" \/>\n<meta name=\"twitter:label1\" content=\"Gesch\u00e4tzte Lesezeit\" \/>\n\t<meta name=\"twitter:data1\" content=\"1\u00a0Minute\" \/>\n<script type=\"application\/ld+json\" class=\"yoast-schema-graph\">{\"@context\":\"https:\/\/schema.org\",\"@graph\":[{\"@type\":\"WebPage\",\"@id\":\"https:\/\/www.borch-design.de\/neu\/meshbanner\/\",\"url\":\"https:\/\/www.borch-design.de\/neu\/meshbanner\/\",\"name\":\"Mesh-Banner | Digitaldruckerei Borch design\",\"isPartOf\":{\"@id\":\"https:\/\/www.borch-design.de\/neu\/#website\"},\"datePublished\":\"2019-04-22T17:19:37+00:00\",\"dateModified\":\"2019-06-27T10:44:08+00:00\",\"description\":\"Digital-Druckerei f\u00fcr gro\u00df- und kleinformatige Drucke, Pr\u00fcfplaketten, Baupl\u00e4ne, Schilder, Plakate, Einladungskarten u.v.m. gro\u00dfe und kleine Auflagen ab einem St\u00fcck\",\"breadcrumb\":{\"@id\":\"https:\/\/www.borch-design.de\/neu\/meshbanner\/#breadcrumb\"},\"inLanguage\":\"de\",\"potentialAction\":[{\"@type\":\"ReadAction\",\"target\":[\"https:\/\/www.borch-design.de\/neu\/meshbanner\/\"]}]},{\"@type\":\"BreadcrumbList\",\"@id\":\"https:\/\/www.borch-design.de\/neu\/meshbanner\/#breadcrumb\",\"itemListElement\":[{\"@type\":\"ListItem\",\"position\":1,\"name\":\"Startseite\",\"item\":\"https:\/\/www.borch-design.de\/neu\/\"},{\"@type\":\"ListItem\",\"position\":2,\"name\":\"Mesh-Banner\"}]},{\"@type\":\"WebSite\",\"@id\":\"https:\/\/www.borch-design.de\/neu\/#website\",\"url\":\"https:\/\/www.borch-design.de\/neu\/\",\"name\":\"Digitaldruckerei Borch design\",\"description\":\"Druckerei f\u00fcr Klein- und Gro\u00dfformate, Werbeagentur\",\"publisher\":{\"@id\":\"https:\/\/www.borch-design.de\/neu\/#organization\"},\"potentialAction\":[{\"@type\":\"SearchAction\",\"target\":{\"@type\":\"EntryPoint\",\"urlTemplate\":\"https:\/\/www.borch-design.de\/neu\/?s={search_term_string}\"},\"query-input\":\"required name=search_term_string\"}],\"inLanguage\":\"de\"},{\"@type\":\"Organization\",\"@id\":\"https:\/\/www.borch-design.de\/neu\/#organization\",\"name\":\"Borch design\",\"url\":\"https:\/\/www.borch-design.de\/neu\/\",\"logo\":{\"@type\":\"ImageObject\",\"inLanguage\":\"de\",\"@id\":\"https:\/\/www.borch-design.de\/neu\/#\/schema\/logo\/image\/\",\"url\":\"http:\/\/www.borch-design.de\/neu\/wp-content\/uploads\/2018\/10\/Page-1-Copy-2.png\",\"contentUrl\":\"http:\/\/www.borch-design.de\/neu\/wp-content\/uploads\/2018\/10\/Page-1-Copy-2.png\",\"width\":289,\"height\":80,\"caption\":\"Borch design\"},\"image\":{\"@id\":\"https:\/\/www.borch-design.de\/neu\/#\/schema\/logo\/image\/\"},\"sameAs\":[\"https:\/\/www.facebook.com\/borch-design-310981892249607\/\"]}]}<\/script>\n<!-- \/ Yoast SEO plugin. -->","yoast_head_json":{"title":"Mesh-Banner | Digitaldruckerei Borch design","description":"Digital-Druckerei f\u00fcr gro\u00df- und kleinformatige Drucke, Pr\u00fcfplaketten, Baupl\u00e4ne, Schilder, Plakate, Einladungskarten u.v.m. gro\u00dfe und kleine Auflagen ab einem St\u00fcck","robots":{"index":"index","follow":"follow","max-snippet":"max-snippet:-1","max-image-preview":"max-image-preview:large","max-video-preview":"max-video-preview:-1"},"canonical":"https:\/\/www.borch-design.de\/neu\/meshbanner\/","og_locale":"de_DE","og_type":"article","og_title":"Mesh-Banner | Digitaldruckerei Borch design","og_description":"Digital-Druckerei f\u00fcr gro\u00df- und kleinformatige Drucke, Pr\u00fcfplaketten, Baupl\u00e4ne, Schilder, Plakate, Einladungskarten u.v.m. gro\u00dfe und kleine Auflagen ab einem St\u00fcck","og_url":"https:\/\/www.borch-design.de\/neu\/meshbanner\/","og_site_name":"Digitaldruckerei Borch design","article_publisher":"https:\/\/www.facebook.com\/borch-design-310981892249607\/","article_modified_time":"2019-06-27T10:44:08+00:00","twitter_card":"summary_large_image","twitter_misc":{"Gesch\u00e4tzte Lesezeit":"1\u00a0Minute"},"schema":{"@context":"https:\/\/schema.org","@graph":[{"@type":"WebPage","@id":"https:\/\/www.borch-design.de\/neu\/meshbanner\/","url":"https:\/\/www.borch-design.de\/neu\/meshbanner\/","name":"Mesh-Banner | Digitaldruckerei Borch design","isPartOf":{"@id":"https:\/\/www.borch-design.de\/neu\/#website"},"datePublished":"2019-04-22T17:19:37+00:00","dateModified":"2019-06-27T10:44:08+00:00","description":"Digital-Druckerei f\u00fcr gro\u00df- und kleinformatige Drucke, Pr\u00fcfplaketten, Baupl\u00e4ne, Schilder, Plakate, Einladungskarten u.v.m. gro\u00dfe und kleine Auflagen ab einem St\u00fcck","breadcrumb":{"@id":"https:\/\/www.borch-design.de\/neu\/meshbanner\/#breadcrumb"},"inLanguage":"de","potentialAction":[{"@type":"ReadAction","target":["https:\/\/www.borch-design.de\/neu\/meshbanner\/"]}]},{"@type":"BreadcrumbList","@id":"https:\/\/www.borch-design.de\/neu\/meshbanner\/#breadcrumb","itemListElement":[{"@type":"ListItem","position":1,"name":"Startseite","item":"https:\/\/www.borch-design.de\/neu\/"},{"@type":"ListItem","position":2,"name":"Mesh-Banner"}]},{"@type":"WebSite","@id":"https:\/\/www.borch-design.de\/neu\/#website","url":"https:\/\/www.borch-design.de\/neu\/","name":"Digitaldruckerei Borch design","description":"Druckerei f\u00fcr Klein- und Gro\u00dfformate, Werbeagentur","publisher":{"@id":"https:\/\/www.borch-design.de\/neu\/#organization"},"potentialAction":[{"@type":"SearchAction","target":{"@type":"EntryPoint","urlTemplate":"https:\/\/www.borch-design.de\/neu\/?s={search_term_string}"},"query-input":"required name=search_term_string"}],"inLanguage":"de"},{"@type":"Organization","@id":"https:\/\/www.borch-design.de\/neu\/#organization","name":"Borch design","url":"https:\/\/www.borch-design.de\/neu\/","logo":{"@type":"ImageObject","inLanguage":"de","@id":"https:\/\/www.borch-design.de\/neu\/#\/schema\/logo\/image\/","url":"http:\/\/www.borch-design.de\/neu\/wp-content\/uploads\/2018\/10\/Page-1-Copy-2.png","contentUrl":"http:\/\/www.borch-design.de\/neu\/wp-content\/uploads\/2018\/10\/Page-1-Copy-2.png","width":289,"height":80,"caption":"Borch design"},"image":{"@id":"https:\/\/www.borch-design.de\/neu\/#\/schema\/logo\/image\/"},"sameAs":["https:\/\/www.facebook.com\/borch-design-310981892249607\/"]}]}},"_links":{"self":[{"href":"https:\/\/www.borch-design.de\/neu\/wp-json\/wp\/v2\/pages\/1707"}],"collection":[{"href":"https:\/\/www.borch-design.de\/neu\/wp-json\/wp\/v2\/pages"}],"about":[{"href":"https:\/\/www.borch-design.de\/neu\/wp-json\/wp\/v2\/types\/page"}],"author":[{"embeddable":true,"href":"https:\/\/www.borch-design.de\/neu\/wp-json\/wp\/v2\/users\/1"}],"replies":[{"embeddable":true,"href":"https:\/\/www.borch-design.de\/neu\/wp-json\/wp\/v2\/comments?post=1707"}],"version-history":[{"count":15,"href":"https:\/\/www.borch-design.de\/neu\/wp-json\/wp\/v2\/pages\/1707\/revisions"}],"predecessor-version":[{"id":4078,"href":"https:\/\/www.borch-design.de\/neu\/wp-json\/wp\/v2\/pages\/1707\/revisions\/4078"}],"wp:attachment":[{"href":"https:\/\/www.borch-design.de\/neu\/wp-json\/wp\/v2\/media?parent=1707"}],"curies":[{"name":"wp","href":"https:\/\/api.w.org\/{rel}","templated":true}]}}