{"id":2034,"date":"2019-04-25T09:49:45","date_gmt":"2019-04-25T07:49:45","guid":{"rendered":"http:\/\/www.borch-design.de\/neu\/?page_id=2034"},"modified":"2019-08-21T09:06:00","modified_gmt":"2019-08-21T07:06:00","slug":"postkarten","status":"publish","type":"page","link":"https:\/\/www.borch-design.de\/neu\/postkarten\/","title":{"rendered":"Postkarten"},"content":{"rendered":"<div id=\"pl-2034\"  class=\"panel-layout\" ><div id=\"pg-2034-0\"  class=\"panel-grid panel-no-style\" ><div id=\"pgc-2034-0-0\"  class=\"panel-grid-cell\" ><div id=\"panel-2034-0-0-0\" class=\"so-panel widget widget_sow-button panel-first-child panel-last-child\" data-index=\"0\" ><div\n\t\t\t\n\t\t\tclass=\"so-widget-sow-button so-widget-sow-button-flat-6d4312fe8874-2034\"\n\t\t\t\n\t\t><div class=\"ow-button-base ow-button-align-center\"\n>\n\t\t\t<a\n\t\t\t\tclass=\"sowb-button ow-icon-placement-top ow-button-hover\" onclick=\"\"\t>\n\t\t<span>\n\t\t\t\n\t\t\tZUR\u00dcCK ZUR \u00dcBERSICHT\t\t<\/span>\n\t\t\t<\/a>\n\t<\/div>\n<\/div><\/div><\/div><\/div><div id=\"pg-2034-1\"  class=\"panel-grid panel-has-style\" ><div class=\"wide-grey panel-row-style panel-row-style-for-2034-1\" style=\"background-color: #ffffff; \" ><div id=\"pgc-2034-1-0\"  class=\"panel-grid-cell\" ><div id=\"panel-2034-1-0-0\" class=\"so-panel widget widget_sow-editor panel-first-child\" data-index=\"1\" ><div\n\t\t\t\n\t\t\tclass=\"so-widget-sow-editor so-widget-sow-editor-base\"\n\t\t\t\n\t\t><h3 class=\"widget-title\">Postkarten<\/h3>\n<div class=\"siteorigin-widget-tinymce textwidget\">\n\t<p>Wir drucken f\u00fcr Sie verschiedene 1-seitige oder 2-seitige Karten und Postkarten. Sie k\u00f6nnen aus verschiedenen Materialien wie Bilderdruckpapier, Struktur- oder Effektpapier sowie Design- und Naturpapieren w\u00e4hlen.<br \/>\nAuch die Folienkaschierung kann zur Veredelung der Karten gew\u00e4hlt werden.<\/p>\n<p><strong>Anwendungsbeispiele:<\/strong><br \/>\n\u00b7 Postkarten<br \/>\n\u00b7 Geburtskarten<br \/>\n\u00b7 Taufkarten<br \/>\n\u00b7 Einladungskarten (Taufe, Segnung, Jugendweihe, Konfirmation...)<br \/>\n\u00b7 Geburtstagskarten<br \/>\n\u00b7 Einweihungen<br \/>\n\u00b7 Firmenkarten (Einladungen, Flyer, Mailings...)<br \/>\n\u00b7 Hochzeitskarten (Save the Date, Einladung, Danksagung...)<br \/>\n\u00b7 Trauerkarten<\/p>\n<p><strong>Preiskalkulation<\/strong><br \/>\nDer Preis h\u00e4ngt von vielen verschiedener Faktoren ab. Format, Material,\u00a0Farbigkeit, Auflagenh\u00f6he, Verarbeitungsart,\u00a0... Stellen Sie daher bitte zu diesem Produkt eine <strong>individuelle Anfrage<\/strong> oder rufen Sie uns an. Wir beraten Sie gern!<\/p>\n<\/div>\n<\/div><\/div><div id=\"panel-2034-1-0-1\" class=\"so-panel widget widget_sow-button panel-last-child\" data-index=\"2\" ><div\n\t\t\t\n\t\t\tclass=\"so-widget-sow-button so-widget-sow-button-flat-9b09fb992195-2034\"\n\t\t\t\n\t\t><div class=\"ow-button-base ow-button-align-left\"\n>\n\t\t\t<a\n\t\t\t\t\thref=\"http:\/\/www.borch-design.de\/neu\/individuelle-anfrage\/\"\n\t\t\t\t\tclass=\"sowb-button ow-icon-placement-top ow-button-hover\" \t>\n\t\t<span>\n\t\t\t\n\t\t\tINDIVIDUELLE ANFRAGE\t\t<\/span>\n\t\t\t<\/a>\n\t<\/div>\n<\/div><\/div><\/div><div id=\"pgc-2034-1-1\"  class=\"panel-grid-cell\" ><div id=\"panel-2034-1-1-0\" class=\"so-panel widget widget_media_image panel-first-child\" data-index=\"3\" ><img width=\"300\" height=\"300\" src=\"https:\/\/www.borch-design.de\/neu\/wp-content\/uploads\/2019\/08\/MG_Postkarte-300x300.png\" class=\"image wp-image-4496  attachment-medium size-medium\" alt=\"\" loading=\"lazy\" style=\"max-width: 100%; height: auto;\" srcset=\"https:\/\/www.borch-design.de\/neu\/wp-content\/uploads\/2019\/08\/MG_Postkarte-300x300.png 300w, https:\/\/www.borch-design.de\/neu\/wp-content\/uploads\/2019\/08\/MG_Postkarte-150x150.png 150w, https:\/\/www.borch-design.de\/neu\/wp-content\/uploads\/2019\/08\/MG_Postkarte-768x768.png 768w, https:\/\/www.borch-design.de\/neu\/wp-content\/uploads\/2019\/08\/MG_Postkarte-1024x1024.png 1024w, https:\/\/www.borch-design.de\/neu\/wp-content\/uploads\/2019\/08\/MG_Postkarte-30x30.png 30w, https:\/\/www.borch-design.de\/neu\/wp-content\/uploads\/2019\/08\/MG_Postkarte.png 1772w\" sizes=\"(max-width: 300px) 100vw, 300px\" \/><\/div><div id=\"panel-2034-1-1-1\" class=\"so-panel widget widget_media_image panel-last-child\" data-index=\"4\" ><img width=\"300\" height=\"300\" src=\"https:\/\/www.borch-design.de\/neu\/wp-content\/uploads\/2019\/07\/Karte-300x300.png\" class=\"image wp-image-4234  attachment-medium size-medium\" alt=\"\" loading=\"lazy\" style=\"max-width: 100%; height: auto;\" srcset=\"https:\/\/www.borch-design.de\/neu\/wp-content\/uploads\/2019\/07\/Karte-300x300.png 300w, https:\/\/www.borch-design.de\/neu\/wp-content\/uploads\/2019\/07\/Karte-150x150.png 150w, https:\/\/www.borch-design.de\/neu\/wp-content\/uploads\/2019\/07\/Karte-30x30.png 30w, https:\/\/www.borch-design.de\/neu\/wp-content\/uploads\/2019\/07\/Karte.png 709w\" sizes=\"(max-width: 300px) 100vw, 300px\" \/><\/div><\/div><div id=\"pgc-2034-1-2\"  class=\"panel-grid-cell\" ><div id=\"panel-2034-1-2-0\" class=\"so-panel widget widget_media_image panel-first-child panel-last-child\" data-index=\"5\" ><img width=\"300\" height=\"300\" src=\"https:\/\/www.borch-design.de\/neu\/wp-content\/uploads\/2019\/07\/klappkarte4-300x300.png\" class=\"image wp-image-4244  attachment-medium size-medium\" alt=\"\" loading=\"lazy\" style=\"max-width: 100%; height: auto;\" srcset=\"https:\/\/www.borch-design.de\/neu\/wp-content\/uploads\/2019\/07\/klappkarte4-300x300.png 300w, https:\/\/www.borch-design.de\/neu\/wp-content\/uploads\/2019\/07\/klappkarte4-150x150.png 150w, https:\/\/www.borch-design.de\/neu\/wp-content\/uploads\/2019\/07\/klappkarte4-30x30.png 30w, https:\/\/www.borch-design.de\/neu\/wp-content\/uploads\/2019\/07\/klappkarte4.png 709w\" sizes=\"(max-width: 300px) 100vw, 300px\" \/><\/div><\/div><\/div><\/div><div id=\"pg-2034-2\"  class=\"panel-grid panel-has-style\" ><div style=\"background-color: #ededed; \" class=\"panel-row-style panel-row-style-for-2034-2\" ><div id=\"pgc-2034-2-0\"  class=\"panel-grid-cell\" ><div id=\"panel-2034-2-0-0\" class=\"so-panel widget widget_sow-editor panel-first-child\" data-index=\"6\" ><div\n\t\t\t\n\t\t\tclass=\"so-widget-sow-editor so-widget-sow-editor-base\"\n\t\t\t\n\t\t><h3 class=\"widget-title\">Wir beraten Sie gern!<\/h3>\n<div class=\"siteorigin-widget-tinymce textwidget\">\n\t<p>Unser Augenmerk richtet sich immer auf die Bed\u00fcrfnisse unserer Kunden. Ihre Ideen und Vorstellungen in die Tat umzusetzen und Ihnen als fertiges Produkt zu \u00fcbergeben ist unser vorrangiges Ziel. Wir suchen gemeinsam nach L\u00f6sungen und finden das richtige individuelle Konzept, um genau Ihre Botschaft effektiv und visuell \u00fcberzeugend einzusetzen. Wir greifen aktuelle Trends auf, w\u00e4hlen optimale Materialen aus und fertigen hochwertige Produkte, die Ihren Anspr\u00fcchen gerecht werden. Nur wenn Sie mit dem Ergebnis unserer Arbeit zufrieden sind, sind wir es auch!<br \/>\n<strong>Kommen Sie vorbei und machen Sie sich ein Bild von uns! Wir freuen uns auf Sie.<\/strong><\/p>\n<\/div>\n<\/div><\/div><div id=\"panel-2034-2-0-1\" class=\"so-panel widget widget_sow-button panel-last-child\" data-index=\"7\" ><div\n\t\t\t\n\t\t\tclass=\"so-widget-sow-button so-widget-sow-button-flat-9b09fb992195-2034\"\n\t\t\t\n\t\t><div class=\"ow-button-base ow-button-align-left\"\n>\n\t\t\t<a\n\t\t\t\t\thref=\"http:\/\/www.borch-design.de\/neu\/ueber-uns\/\"\n\t\t\t\t\tclass=\"sowb-button ow-icon-placement-top ow-button-hover\" \t>\n\t\t<span>\n\t\t\t\n\t\t\t\u00dcBER UNS\t\t<\/span>\n\t\t\t<\/a>\n\t<\/div>\n<\/div><\/div><\/div><div id=\"pgc-2034-2-1\"  class=\"panel-grid-cell\" ><\/div><\/div><\/div><div id=\"pg-2034-3\"  class=\"panel-grid panel-no-style\" ><div id=\"pgc-2034-3-0\"  class=\"panel-grid-cell\" ><div id=\"panel-2034-3-0-0\" class=\"so-panel widget widget_sow-editor panel-first-child panel-last-child\" data-index=\"9\" ><div\n\t\t\t\n\t\t\tclass=\"so-widget-sow-editor so-widget-sow-editor-base\"\n\t\t\t\n\t\t>\n<div class=\"siteorigin-widget-tinymce textwidget\">\n\t<h1 style=\"text-align: center;\">Unsere Empfehlung f\u00fcr Sie!<\/h1>\n<p>&nbsp;<\/p>\n<div id=\"metaslider-id-2568\" style=\"width: 100%;\" class=\"ml-slider-3-108-0 metaslider metaslider-flex metaslider-2568 ml-slider has-carousel-mode ms-theme-bubble nav-hidden\" role=\"region\" aria-label=\"Flyer &amp;amp; Karten\" data-height=\"301\" data-width=\"248\">\n    <div id=\"metaslider_container_2568\">\n        <div id=\"metaslider_2568\">\n            <ul class='slides'>\n                <li style=\"display: none; width: 100%;\" class=\"slide-2580 ms-image \" aria-roledescription=\"slide\" data-date=\"2019-05-20 15:48:28\" data-filename=\"grusskarten.jpg\" data-slide-type=\"image\"><a href=\"http:\/\/www.borch-design.de\/neu\/grusskarten\/\" target=\"_self\" aria-label=\"View Slide Details\" class=\"metaslider_image_link\"><img width=\"248\" height=\"301\" src=\"https:\/\/www.borch-design.de\/neu\/wp-content\/uploads\/2019\/05\/grusskarten.jpg\" class=\"slider-2568 slide-2580 msDefaultImage\" alt=\"\" loading=\"lazy\" rel=\"\" title=\"grusskarten\" srcset=\"https:\/\/www.borch-design.de\/neu\/wp-content\/uploads\/2019\/05\/grusskarten.jpg 248w, https:\/\/www.borch-design.de\/neu\/wp-content\/uploads\/2019\/05\/grusskarten-247x300.jpg 247w\" sizes=\"(max-width: 248px) 100vw, 248px\" \/><\/a><\/li>\n                <li style=\"display: none; width: 100%;\" class=\"slide-2577 ms-image \" aria-roledescription=\"slide\" data-date=\"2019-05-20 15:48:28\" data-filename=\"einladungskarten.jpg\" data-slide-type=\"image\"><a href=\"http:\/\/www.borch-design.de\/neu\/einladungskarten\/\" target=\"_self\" aria-label=\"View Slide Details\" class=\"metaslider_image_link\"><img width=\"248\" height=\"301\" src=\"https:\/\/www.borch-design.de\/neu\/wp-content\/uploads\/2019\/05\/einladungskarten.jpg\" class=\"slider-2568 slide-2577 msDefaultImage\" alt=\"\" loading=\"lazy\" rel=\"\" title=\"einladungskarten\" srcset=\"https:\/\/www.borch-design.de\/neu\/wp-content\/uploads\/2019\/05\/einladungskarten.jpg 248w, https:\/\/www.borch-design.de\/neu\/wp-content\/uploads\/2019\/05\/einladungskarten-247x300.jpg 247w\" sizes=\"(max-width: 248px) 100vw, 248px\" \/><\/a><\/li>\n                <li style=\"display: none; width: 100%;\" class=\"slide-2581 ms-image \" aria-roledescription=\"slide\" data-date=\"2019-05-20 15:48:28\" data-filename=\"karten.jpg\" data-slide-type=\"image\"><a href=\"http:\/\/www.borch-design.de\/neu\/karten\/\" target=\"_self\" aria-label=\"View Slide Details\" class=\"metaslider_image_link\"><img width=\"248\" height=\"301\" src=\"https:\/\/www.borch-design.de\/neu\/wp-content\/uploads\/2019\/05\/karten.jpg\" class=\"slider-2568 slide-2581 msDefaultImage\" alt=\"\" loading=\"lazy\" rel=\"\" title=\"karten\" srcset=\"https:\/\/www.borch-design.de\/neu\/wp-content\/uploads\/2019\/05\/karten.jpg 248w, https:\/\/www.borch-design.de\/neu\/wp-content\/uploads\/2019\/05\/karten-247x300.jpg 247w\" sizes=\"(max-width: 248px) 100vw, 248px\" \/><\/a><\/li>\n                <li style=\"display: none; width: 100%;\" class=\"slide-2578 ms-image \" aria-roledescription=\"slide\" data-date=\"2019-05-20 15:48:28\" data-filename=\"faltbl\u00e4tter.jpg\" data-slide-type=\"image\"><a href=\"http:\/\/www.borch-design.de\/neu\/falzflyer\/\" target=\"_self\" aria-label=\"View Slide Details\" class=\"metaslider_image_link\"><img width=\"248\" height=\"301\" src=\"https:\/\/www.borch-design.de\/neu\/wp-content\/uploads\/2019\/05\/faltbl\u00e4tter.jpg\" class=\"slider-2568 slide-2578 msDefaultImage\" alt=\"\" loading=\"lazy\" rel=\"\" title=\"faltbl\u00e4tter\" srcset=\"https:\/\/www.borch-design.de\/neu\/wp-content\/uploads\/2019\/05\/faltbl\u00e4tter.jpg 248w, https:\/\/www.borch-design.de\/neu\/wp-content\/uploads\/2019\/05\/faltbl\u00e4tter-247x300.jpg 247w\" sizes=\"(max-width: 248px) 100vw, 248px\" \/><\/a><\/li>\n                <li style=\"display: none; width: 100%;\" class=\"slide-2584 ms-image \" aria-roledescription=\"slide\" data-date=\"2019-05-20 15:48:28\" data-filename=\"postkarten.jpg\" data-slide-type=\"image\"><a href=\"http:\/\/www.borch-design.de\/neu\/postkarten\/\" target=\"_self\" aria-label=\"View Slide Details\" class=\"metaslider_image_link\"><img width=\"248\" height=\"301\" src=\"https:\/\/www.borch-design.de\/neu\/wp-content\/uploads\/2019\/05\/postkarten.jpg\" class=\"slider-2568 slide-2584 msDefaultImage\" alt=\"\" loading=\"lazy\" rel=\"\" title=\"postkarten\" srcset=\"https:\/\/www.borch-design.de\/neu\/wp-content\/uploads\/2019\/05\/postkarten.jpg 248w, https:\/\/www.borch-design.de\/neu\/wp-content\/uploads\/2019\/05\/postkarten-247x300.jpg 247w\" sizes=\"(max-width: 248px) 100vw, 248px\" \/><\/a><\/li>\n                <li style=\"display: none; width: 100%;\" class=\"slide-2579 ms-image \" aria-roledescription=\"slide\" data-date=\"2019-05-20 15:48:28\" data-filename=\"flyer.jpg\" data-slide-type=\"image\"><a href=\"http:\/\/www.borch-design.de\/neu\/flyer\/\" target=\"_self\" aria-label=\"View Slide Details\" class=\"metaslider_image_link\"><img width=\"248\" height=\"301\" src=\"https:\/\/www.borch-design.de\/neu\/wp-content\/uploads\/2019\/05\/flyer.jpg\" class=\"slider-2568 slide-2579 msDefaultImage\" alt=\"\" loading=\"lazy\" rel=\"\" title=\"flyer\" srcset=\"https:\/\/www.borch-design.de\/neu\/wp-content\/uploads\/2019\/05\/flyer.jpg 248w, https:\/\/www.borch-design.de\/neu\/wp-content\/uploads\/2019\/05\/flyer-247x300.jpg 247w\" sizes=\"(max-width: 248px) 100vw, 248px\" \/><\/a><\/li>\n                <li style=\"display: none; width: 100%;\" class=\"slide-2582 ms-image \" aria-roledescription=\"slide\" data-date=\"2019-05-20 15:48:28\" data-filename=\"klappkarten.jpg\" data-slide-type=\"image\"><a href=\"http:\/\/www.borch-design.de\/neu\/klappkarten\/\" target=\"_self\" aria-label=\"View Slide Details\" class=\"metaslider_image_link\"><img width=\"248\" height=\"301\" src=\"https:\/\/www.borch-design.de\/neu\/wp-content\/uploads\/2019\/05\/klappkarten.jpg\" class=\"slider-2568 slide-2582 msDefaultImage\" alt=\"\" loading=\"lazy\" rel=\"\" title=\"klappkarten\" srcset=\"https:\/\/www.borch-design.de\/neu\/wp-content\/uploads\/2019\/05\/klappkarten.jpg 248w, https:\/\/www.borch-design.de\/neu\/wp-content\/uploads\/2019\/05\/klappkarten-247x300.jpg 247w\" sizes=\"(max-width: 248px) 100vw, 248px\" \/><\/a><\/li>\n                <li style=\"display: none; width: 100%;\" class=\"slide-2583 ms-image \" aria-roledescription=\"slide\" data-date=\"2019-05-20 15:48:28\" data-filename=\"kopien.jpg\" data-slide-type=\"image\"><a href=\"http:\/\/www.borch-design.de\/neu\/kopien\/\" target=\"_self\" aria-label=\"View Slide Details\" class=\"metaslider_image_link\"><img width=\"248\" height=\"301\" src=\"https:\/\/www.borch-design.de\/neu\/wp-content\/uploads\/2019\/05\/kopien.jpg\" class=\"slider-2568 slide-2583 msDefaultImage\" alt=\"\" loading=\"lazy\" rel=\"\" title=\"kopien\" srcset=\"https:\/\/www.borch-design.de\/neu\/wp-content\/uploads\/2019\/05\/kopien.jpg 248w, https:\/\/www.borch-design.de\/neu\/wp-content\/uploads\/2019\/05\/kopien-247x300.jpg 247w\" sizes=\"(max-width: 248px) 100vw, 248px\" \/><\/a><\/li>\n            <\/ul>\n        <\/div>\n        \n    <\/div>\n<\/div>\n<\/div>\n<\/div><\/div><\/div><\/div><div id=\"pg-2034-4\"  class=\"panel-grid panel-no-style\" ><div id=\"pgc-2034-4-0\"  class=\"panel-grid-cell\" ><div id=\"panel-2034-4-0-0\" class=\"so-panel widget widget_sow-button panel-first-child panel-last-child\" data-index=\"10\" ><div\n\t\t\t\n\t\t\tclass=\"so-widget-sow-button so-widget-sow-button-flat-6d4312fe8874-2034\"\n\t\t\t\n\t\t><div class=\"ow-button-base ow-button-align-center\"\n>\n\t\t\t<a\n\t\t\t\t\thref=\"http:\/\/www.borch-design.de\/neu\/produkte-und-leistungen\/\"\n\t\t\t\t\tclass=\"sowb-button ow-icon-placement-top ow-button-hover\" \t>\n\t\t<span>\n\t\t\t\n\t\t\tALLE PRODUKTE\t\t<\/span>\n\t\t\t<\/a>\n\t<\/div>\n<\/div><\/div><\/div><\/div><\/div>","protected":false},"excerpt":{"rendered":"<p>Wir drucken f\u00fcr Sie verschiedene 1-seitige oder 2-seitige Karten und Postkarten. Sie k\u00f6nnen aus verschiedenen Materialien wie Bilderdruckpapier, Struktur- oder Effektpapier sowie Design- und Naturpapieren w\u00e4hlen. Auch die Folienkaschierung kann zur Veredelung der Karten gew\u00e4hlt werden. Anwendungsbeispiele: \u00b7 Postkarten \u00b7 Geburtskarten \u00b7 Taufkarten \u00b7 Einladungskarten (Taufe, Segnung, Jugendweihe, Konfirmation&#8230;) \u00b7 Geburtstagskarten \u00b7 Einweihungen \u00b7 Firmenkarten [&hellip;]<\/p>\n","protected":false},"author":1,"featured_media":0,"parent":0,"menu_order":0,"comment_status":"closed","ping_status":"closed","template":"","meta":[],"yoast_head":"<!-- This site is optimized with the Yoast SEO plugin v20.6 - https:\/\/yoast.com\/wordpress\/plugins\/seo\/ -->\n<title>Postkarten | Digitaldruckerei Borch design<\/title>\n<meta name=\"description\" content=\"Digital-Druckerei f\u00fcr gro\u00df- und kleinformatige Drucke, Pr\u00fcfplaketten, Baupl\u00e4ne, Schilder, Plakate, Einladungskarten u.v.m. gro\u00dfe und kleine Auflagen ab einem St\u00fcck\" \/>\n<meta name=\"robots\" content=\"index, follow, max-snippet:-1, max-image-preview:large, max-video-preview:-1\" \/>\n<link rel=\"canonical\" href=\"https:\/\/www.borch-design.de\/neu\/postkarten\/\" \/>\n<meta property=\"og:locale\" content=\"de_DE\" \/>\n<meta property=\"og:type\" content=\"article\" \/>\n<meta property=\"og:title\" content=\"Postkarten | Digitaldruckerei Borch design\" \/>\n<meta property=\"og:description\" content=\"Digital-Druckerei f\u00fcr gro\u00df- und kleinformatige Drucke, Pr\u00fcfplaketten, Baupl\u00e4ne, Schilder, Plakate, Einladungskarten u.v.m. gro\u00dfe und kleine Auflagen ab einem St\u00fcck\" \/>\n<meta property=\"og:url\" content=\"https:\/\/www.borch-design.de\/neu\/postkarten\/\" \/>\n<meta property=\"og:site_name\" content=\"Digitaldruckerei Borch design\" \/>\n<meta property=\"article:publisher\" content=\"https:\/\/www.facebook.com\/borch-design-310981892249607\/\" \/>\n<meta property=\"article:modified_time\" content=\"2019-08-21T07:06:00+00:00\" \/>\n<meta name=\"twitter:card\" content=\"summary_large_image\" \/>\n<meta name=\"twitter:label1\" content=\"Gesch\u00e4tzte Lesezeit\" \/>\n\t<meta name=\"twitter:data1\" content=\"1\u00a0Minute\" \/>\n<script type=\"application\/ld+json\" class=\"yoast-schema-graph\">{\"@context\":\"https:\/\/schema.org\",\"@graph\":[{\"@type\":\"WebPage\",\"@id\":\"https:\/\/www.borch-design.de\/neu\/postkarten\/\",\"url\":\"https:\/\/www.borch-design.de\/neu\/postkarten\/\",\"name\":\"Postkarten | Digitaldruckerei Borch design\",\"isPartOf\":{\"@id\":\"https:\/\/www.borch-design.de\/neu\/#website\"},\"datePublished\":\"2019-04-25T07:49:45+00:00\",\"dateModified\":\"2019-08-21T07:06:00+00:00\",\"description\":\"Digital-Druckerei f\u00fcr gro\u00df- und kleinformatige Drucke, Pr\u00fcfplaketten, Baupl\u00e4ne, Schilder, Plakate, Einladungskarten u.v.m. gro\u00dfe und kleine Auflagen ab einem St\u00fcck\",\"breadcrumb\":{\"@id\":\"https:\/\/www.borch-design.de\/neu\/postkarten\/#breadcrumb\"},\"inLanguage\":\"de\",\"potentialAction\":[{\"@type\":\"ReadAction\",\"target\":[\"https:\/\/www.borch-design.de\/neu\/postkarten\/\"]}]},{\"@type\":\"BreadcrumbList\",\"@id\":\"https:\/\/www.borch-design.de\/neu\/postkarten\/#breadcrumb\",\"itemListElement\":[{\"@type\":\"ListItem\",\"position\":1,\"name\":\"Startseite\",\"item\":\"https:\/\/www.borch-design.de\/neu\/\"},{\"@type\":\"ListItem\",\"position\":2,\"name\":\"Postkarten\"}]},{\"@type\":\"WebSite\",\"@id\":\"https:\/\/www.borch-design.de\/neu\/#website\",\"url\":\"https:\/\/www.borch-design.de\/neu\/\",\"name\":\"Digitaldruckerei Borch design\",\"description\":\"Druckerei f\u00fcr Klein- und Gro\u00dfformate, Werbeagentur\",\"publisher\":{\"@id\":\"https:\/\/www.borch-design.de\/neu\/#organization\"},\"potentialAction\":[{\"@type\":\"SearchAction\",\"target\":{\"@type\":\"EntryPoint\",\"urlTemplate\":\"https:\/\/www.borch-design.de\/neu\/?s={search_term_string}\"},\"query-input\":\"required name=search_term_string\"}],\"inLanguage\":\"de\"},{\"@type\":\"Organization\",\"@id\":\"https:\/\/www.borch-design.de\/neu\/#organization\",\"name\":\"Borch design\",\"url\":\"https:\/\/www.borch-design.de\/neu\/\",\"logo\":{\"@type\":\"ImageObject\",\"inLanguage\":\"de\",\"@id\":\"https:\/\/www.borch-design.de\/neu\/#\/schema\/logo\/image\/\",\"url\":\"http:\/\/www.borch-design.de\/neu\/wp-content\/uploads\/2018\/10\/Page-1-Copy-2.png\",\"contentUrl\":\"http:\/\/www.borch-design.de\/neu\/wp-content\/uploads\/2018\/10\/Page-1-Copy-2.png\",\"width\":289,\"height\":80,\"caption\":\"Borch design\"},\"image\":{\"@id\":\"https:\/\/www.borch-design.de\/neu\/#\/schema\/logo\/image\/\"},\"sameAs\":[\"https:\/\/www.facebook.com\/borch-design-310981892249607\/\"]}]}<\/script>\n<!-- \/ Yoast SEO plugin. -->","yoast_head_json":{"title":"Postkarten | Digitaldruckerei Borch design","description":"Digital-Druckerei f\u00fcr gro\u00df- und kleinformatige Drucke, Pr\u00fcfplaketten, Baupl\u00e4ne, Schilder, Plakate, Einladungskarten u.v.m. gro\u00dfe und kleine Auflagen ab einem St\u00fcck","robots":{"index":"index","follow":"follow","max-snippet":"max-snippet:-1","max-image-preview":"max-image-preview:large","max-video-preview":"max-video-preview:-1"},"canonical":"https:\/\/www.borch-design.de\/neu\/postkarten\/","og_locale":"de_DE","og_type":"article","og_title":"Postkarten | Digitaldruckerei Borch design","og_description":"Digital-Druckerei f\u00fcr gro\u00df- und kleinformatige Drucke, Pr\u00fcfplaketten, Baupl\u00e4ne, Schilder, Plakate, Einladungskarten u.v.m. gro\u00dfe und kleine Auflagen ab einem St\u00fcck","og_url":"https:\/\/www.borch-design.de\/neu\/postkarten\/","og_site_name":"Digitaldruckerei Borch design","article_publisher":"https:\/\/www.facebook.com\/borch-design-310981892249607\/","article_modified_time":"2019-08-21T07:06:00+00:00","twitter_card":"summary_large_image","twitter_misc":{"Gesch\u00e4tzte Lesezeit":"1\u00a0Minute"},"schema":{"@context":"https:\/\/schema.org","@graph":[{"@type":"WebPage","@id":"https:\/\/www.borch-design.de\/neu\/postkarten\/","url":"https:\/\/www.borch-design.de\/neu\/postkarten\/","name":"Postkarten | Digitaldruckerei Borch design","isPartOf":{"@id":"https:\/\/www.borch-design.de\/neu\/#website"},"datePublished":"2019-04-25T07:49:45+00:00","dateModified":"2019-08-21T07:06:00+00:00","description":"Digital-Druckerei f\u00fcr gro\u00df- und kleinformatige Drucke, Pr\u00fcfplaketten, Baupl\u00e4ne, Schilder, Plakate, Einladungskarten u.v.m. gro\u00dfe und kleine Auflagen ab einem St\u00fcck","breadcrumb":{"@id":"https:\/\/www.borch-design.de\/neu\/postkarten\/#breadcrumb"},"inLanguage":"de","potentialAction":[{"@type":"ReadAction","target":["https:\/\/www.borch-design.de\/neu\/postkarten\/"]}]},{"@type":"BreadcrumbList","@id":"https:\/\/www.borch-design.de\/neu\/postkarten\/#breadcrumb","itemListElement":[{"@type":"ListItem","position":1,"name":"Startseite","item":"https:\/\/www.borch-design.de\/neu\/"},{"@type":"ListItem","position":2,"name":"Postkarten"}]},{"@type":"WebSite","@id":"https:\/\/www.borch-design.de\/neu\/#website","url":"https:\/\/www.borch-design.de\/neu\/","name":"Digitaldruckerei Borch design","description":"Druckerei f\u00fcr Klein- und Gro\u00dfformate, Werbeagentur","publisher":{"@id":"https:\/\/www.borch-design.de\/neu\/#organization"},"potentialAction":[{"@type":"SearchAction","target":{"@type":"EntryPoint","urlTemplate":"https:\/\/www.borch-design.de\/neu\/?s={search_term_string}"},"query-input":"required name=search_term_string"}],"inLanguage":"de"},{"@type":"Organization","@id":"https:\/\/www.borch-design.de\/neu\/#organization","name":"Borch design","url":"https:\/\/www.borch-design.de\/neu\/","logo":{"@type":"ImageObject","inLanguage":"de","@id":"https:\/\/www.borch-design.de\/neu\/#\/schema\/logo\/image\/","url":"http:\/\/www.borch-design.de\/neu\/wp-content\/uploads\/2018\/10\/Page-1-Copy-2.png","contentUrl":"http:\/\/www.borch-design.de\/neu\/wp-content\/uploads\/2018\/10\/Page-1-Copy-2.png","width":289,"height":80,"caption":"Borch design"},"image":{"@id":"https:\/\/www.borch-design.de\/neu\/#\/schema\/logo\/image\/"},"sameAs":["https:\/\/www.facebook.com\/borch-design-310981892249607\/"]}]}},"_links":{"self":[{"href":"https:\/\/www.borch-design.de\/neu\/wp-json\/wp\/v2\/pages\/2034"}],"collection":[{"href":"https:\/\/www.borch-design.de\/neu\/wp-json\/wp\/v2\/pages"}],"about":[{"href":"https:\/\/www.borch-design.de\/neu\/wp-json\/wp\/v2\/types\/page"}],"author":[{"embeddable":true,"href":"https:\/\/www.borch-design.de\/neu\/wp-json\/wp\/v2\/users\/1"}],"replies":[{"embeddable":true,"href":"https:\/\/www.borch-design.de\/neu\/wp-json\/wp\/v2\/comments?post=2034"}],"version-history":[{"count":13,"href":"https:\/\/www.borch-design.de\/neu\/wp-json\/wp\/v2\/pages\/2034\/revisions"}],"predecessor-version":[{"id":4518,"href":"https:\/\/www.borch-design.de\/neu\/wp-json\/wp\/v2\/pages\/2034\/revisions\/4518"}],"wp:attachment":[{"href":"https:\/\/www.borch-design.de\/neu\/wp-json\/wp\/v2\/media?parent=2034"}],"curies":[{"name":"wp","href":"https:\/\/api.w.org\/{rel}","templated":true}]}}